{"id":525,"date":"2024-07-03T17:01:28","date_gmt":"2024-07-03T10:01:28","guid":{"rendered":"https:\/\/demo.timevn.com\/fusion_dn\/?page_id=525"},"modified":"2024-08-14T09:16:27","modified_gmt":"2024-08-14T02:16:27","slug":"trang-chu","status":"publish","type":"page","link":"https:\/\/demo.timevn.com\/fusion_dn\/vi\/","title":{"rendered":"Trang ch\u1ee7"},"content":{"rendered":"","protected":false},"excerpt":{"rendered":"<p>\u1ea8n m\u00ecnh gi\u1eefa v\u1ebb \u0111\u1eb9p nguy\u00ean s\u01a1 c\u1ee7a b\u00e3i bi\u1ec3n n\u1ed1i li\u1ec1n \u0110\u00e0 N\u1eb5ng v\u00e0 H\u1ed9i An, Fusion Resort &#038; Villas Da Nang l\u00e0 khu ngh\u1ec9 d\u01b0\u1ee1ng l\u1ea5y c\u1ea3m h\u1ee9ng t\u1eeb c\u00e1c tr\u1ea3i nghi\u1ec7m ch\u0103m s\u00f3c s\u1ee9c kh\u1ecfe to\u00e0n di\u1ec7n v\u00e0 l\u00fd t\u01b0\u1edfng cho c\u00e1c chuy\u1ebfn \u0111i c\u1ee7a gia \u0111\u00ecnh. V\u1edbi \u0111a d\u1ea1ng c\u00e1c l\u1ef1a ch\u1ecdn l\u01b0u tr\u00fa bao g\u1ed3m villa h\u1ed3 b\u01a1i ri\u00eang v\u00e0 ph\u00f2ng kh\u00e1ch s\u1ea1n v\u1edbi kh\u00e1i ni\u1ec7m \u0111\u1ed9c \u0111\u00e1o \u201cresort tr\u00ean nh\u1eefng t\u1ea7ng m\u00e2y\u201d, \u1ea9m th\u1ef1c m\u1edbi l\u1ea1, c\u00f9ng m\u1ed9t trong nh\u1eefng spa b\u00ean trong resort l\u1edbn nh\u1ea5t Vi\u1ec7t Nam, khu resort h\u1ee9a h\u1eb9n mang \u0111\u1ebfn nh\u1eefng tr\u1ea3i nghi\u1ec7m ngh\u1ec9 d\u01b0\u1ee1ng v\u00e0 ch\u0103m s\u00f3c s\u1ee9c kh\u1ecfe to\u00e0n di\u1ec7n v\u00e0 \u0111\u1ed9c b\u1ea3n.<\/p>\n","protected":false},"author":1,"featured_media":233,"parent":0,"menu_order":0,"comment_status":"closed","ping_status":"closed","template":"templates\/page-home.php","meta":{"_acf_changed":false,"footnotes":""},"class_list":["post-525","page","type-page","status-publish","has-post-thumbnail","hentry"],"acf":[],"lang":"vi","translations":{"vi":525,"en":9},"pll_sync_post":[],"_links":{"self":[{"href":"https:\/\/demo.timevn.com\/fusion_dn\/wp-json\/wp\/v2\/pages\/525","targetHints":{"allow":["GET"]}}],"collection":[{"href":"https:\/\/demo.timevn.com\/fusion_dn\/wp-json\/wp\/v2\/pages"}],"about":[{"href":"https:\/\/demo.timevn.com\/fusion_dn\/wp-json\/wp\/v2\/types\/page"}],"author":[{"embeddable":true,"href":"https:\/\/demo.timevn.com\/fusion_dn\/wp-json\/wp\/v2\/users\/1"}],"replies":[{"embeddable":true,"href":"https:\/\/demo.timevn.com\/fusion_dn\/wp-json\/wp\/v2\/comments?post=525"}],"version-history":[{"count":5,"href":"https:\/\/demo.timevn.com\/fusion_dn\/wp-json\/wp\/v2\/pages\/525\/revisions"}],"predecessor-version":[{"id":768,"href":"https:\/\/demo.timevn.com\/fusion_dn\/wp-json\/wp\/v2\/pages\/525\/revisions\/768"}],"wp:featuredmedia":[{"embeddable":true,"href":"https:\/\/demo.timevn.com\/fusion_dn\/wp-json\/wp\/v2\/media\/233"}],"wp:attachment":[{"href":"https:\/\/demo.timevn.com\/fusion_dn\/wp-json\/wp\/v2\/media?parent=525"}],"curies":[{"name":"wp","href":"https:\/\/api.w.org\/{rel}","templated":true}]}}