{"id":527,"date":"2024-07-04T16:27:26","date_gmt":"2024-07-04T09:27:26","guid":{"rendered":"https:\/\/demo.timevn.com\/fusion_dn\/?page_id=527"},"modified":"2024-07-27T11:18:54","modified_gmt":"2024-07-27T04:18:54","slug":"phong-nghi","status":"publish","type":"page","link":"https:\/\/demo.timevn.com\/fusion_dn\/vi\/phong-nghi\/","title":{"rendered":"Ph\u00f2ng ngh\u1ec9"},"content":{"rendered":"","protected":false},"excerpt":{"rendered":"<p>Kh\u00e1m ph\u00e1 thi\u00ean \u0111\u01b0\u1eddng ngh\u1ec9 d\u01b0\u1ee1ng Fusion Resort &#038; Villas Da Nang, n\u01a1i mang \u0111\u1ebfn \u0111a d\u1ea1ng c\u00e1c l\u1ef1a ch\u1ecdn l\u01b0u tr\u00fa \u0111ang ch\u1edd \u0111\u00f3n du kh\u00e1ch. T\u1eeb nh\u1eefng c\u0103n bi\u1ec7t th\u1ef1 h\u1ed3 b\u01a1i ri\u00eang xa hoa t\u1eeb m\u1ed9t \u0111\u1ebfn n\u0103m ph\u00f2ng ng\u1ee7, \u0111\u1ebfn c\u00e1c ph\u00f2ng suite r\u1ed9ng r\u00e3i n\u1eb1m tr\u00ean cao, m\u1ed7i kh\u00f4ng gian \u0111\u1ec1u l\u00e0 s\u1ef1 k\u1ebft h\u1ee3p h\u00e0i h\u00f2a gi\u1eefa phong c\u00e1ch thi\u1ebft k\u1ebf truy\u1ec1n th\u1ed1ng v\u00e0 hi\u1ec7n \u0111\u1ea1i. T\u1eadn h\u01b0\u1edfng kh\u00f4ng gian th\u01b0 th\u00e1i v\u00e0 \u0111\u1ea7y \u0111\u1ee7 ti\u1ec7n nghi, \u0111\u01b0\u1ee3c t\u00f4 \u0111i\u1ec3m th\u00eam b\u1edfi t\u1ea7m nh\u00ecn tho\u00e1ng \u0111\u00e3ng v\u00e0 xanh m\u00e1t.<\/p>\n","protected":false},"author":1,"featured_media":251,"parent":0,"menu_order":0,"comment_status":"closed","ping_status":"closed","template":"templates\/page-accomodation.php","meta":{"_acf_changed":false,"footnotes":""},"class_list":["post-527","page","type-page","status-publish","has-post-thumbnail","hentry"],"acf":[],"lang":"vi","translations":{"vi":527,"en":319},"pll_sync_post":[],"_links":{"self":[{"href":"https:\/\/demo.timevn.com\/fusion_dn\/wp-json\/wp\/v2\/pages\/527","targetHints":{"allow":["GET"]}}],"collection":[{"href":"https:\/\/demo.timevn.com\/fusion_dn\/wp-json\/wp\/v2\/pages"}],"about":[{"href":"https:\/\/demo.timevn.com\/fusion_dn\/wp-json\/wp\/v2\/types\/page"}],"author":[{"embeddable":true,"href":"https:\/\/demo.timevn.com\/fusion_dn\/wp-json\/wp\/v2\/users\/1"}],"replies":[{"embeddable":true,"href":"https:\/\/demo.timevn.com\/fusion_dn\/wp-json\/wp\/v2\/comments?post=527"}],"version-history":[{"count":2,"href":"https:\/\/demo.timevn.com\/fusion_dn\/wp-json\/wp\/v2\/pages\/527\/revisions"}],"predecessor-version":[{"id":584,"href":"https:\/\/demo.timevn.com\/fusion_dn\/wp-json\/wp\/v2\/pages\/527\/revisions\/584"}],"wp:featuredmedia":[{"embeddable":true,"href":"https:\/\/demo.timevn.com\/fusion_dn\/wp-json\/wp\/v2\/media\/251"}],"wp:attachment":[{"href":"https:\/\/demo.timevn.com\/fusion_dn\/wp-json\/wp\/v2\/media?parent=527"}],"curies":[{"name":"wp","href":"https:\/\/api.w.org\/{rel}","templated":true}]}}