{"id":531,"date":"2024-07-04T16:12:23","date_gmt":"2024-07-04T09:12:23","guid":{"rendered":"https:\/\/demo.timevn.com\/fusion_dn\/?page_id=531"},"modified":"2024-07-29T10:15:38","modified_gmt":"2024-07-29T03:15:38","slug":"thu-gian","status":"publish","type":"page","link":"https:\/\/demo.timevn.com\/fusion_dn\/vi\/thu-gian\/","title":{"rendered":"Th\u01b0 gi\u00e3n"},"content":{"rendered":"","protected":false},"excerpt":{"rendered":"<p>T\u00ecm l\u1ea1i s\u1ef1 b\u00ecnh y\u00ean trong t\u00e2m h\u1ed3n t\u1ea1i Fusion Resort &#038; Villas Da Nang, n\u01a1i m\u1ed7i tr\u1ea3i nghi\u1ec7m \u0111\u1ec1u \u0111\u01b0\u1ee3c t\u1ea1o ra t\u1eeb s\u1ef1 quan t\u00e2m \u0111\u1eb7c bi\u1ec7t \u0111\u1ebfn s\u1ee9c kh\u1ecfe. T\u1eeb ngh\u1ec9 d\u01b0\u1ee1ng k\u1ebft h\u1ee3p spa tr\u1ecdn g\u00f3i \u0111\u1ebfn c\u00e1c ho\u1ea1t \u0111\u1ed9ng th\u1ec3 ch\u1ea5t v\u00e0 tinh th\u1ea7n, khu ngh\u1ec9 d\u01b0\u1ee1ng lu\u00f4n n\u00e2ng niu v\u00e0 tr\u00e2n tr\u1ecdng m\u1ed7i x\u00fac c\u1ea3m c\u1ee7a kh\u00e1ch tr\u1ea3i nghi\u1ec7m, mang \u0111\u1ebfn nh\u1eefng gi\u00e2y ph\u00fat th\u01b0 gi\u00e3n tuy\u1ec7t v\u1eddi v\u00e0 gi\u00fap ph\u1ee5c h\u1ed3i n\u0103ng l\u01b0\u1ee3ng.<\/p>\n","protected":false},"author":1,"featured_media":326,"parent":0,"menu_order":0,"comment_status":"closed","ping_status":"closed","template":"templates\/page-spa-wellness.php","meta":{"_acf_changed":false,"footnotes":""},"class_list":["post-531","page","type-page","status-publish","has-post-thumbnail","hentry"],"acf":[],"lang":"vi","translations":{"vi":531,"en":286},"pll_sync_post":[],"_links":{"self":[{"href":"https:\/\/demo.timevn.com\/fusion_dn\/wp-json\/wp\/v2\/pages\/531","targetHints":{"allow":["GET"]}}],"collection":[{"href":"https:\/\/demo.timevn.com\/fusion_dn\/wp-json\/wp\/v2\/pages"}],"about":[{"href":"https:\/\/demo.timevn.com\/fusion_dn\/wp-json\/wp\/v2\/types\/page"}],"author":[{"embeddable":true,"href":"https:\/\/demo.timevn.com\/fusion_dn\/wp-json\/wp\/v2\/users\/1"}],"replies":[{"embeddable":true,"href":"https:\/\/demo.timevn.com\/fusion_dn\/wp-json\/wp\/v2\/comments?post=531"}],"version-history":[{"count":2,"href":"https:\/\/demo.timevn.com\/fusion_dn\/wp-json\/wp\/v2\/pages\/531\/revisions"}],"predecessor-version":[{"id":618,"href":"https:\/\/demo.timevn.com\/fusion_dn\/wp-json\/wp\/v2\/pages\/531\/revisions\/618"}],"wp:featuredmedia":[{"embeddable":true,"href":"https:\/\/demo.timevn.com\/fusion_dn\/wp-json\/wp\/v2\/media\/326"}],"wp:attachment":[{"href":"https:\/\/demo.timevn.com\/fusion_dn\/wp-json\/wp\/v2\/media?parent=531"}],"curies":[{"name":"wp","href":"https:\/\/api.w.org\/{rel}","templated":true}]}}