{"id":535,"date":"2024-07-04T15:54:05","date_gmt":"2024-07-04T08:54:05","guid":{"rendered":"https:\/\/demo.timevn.com\/fusion_dn\/?page_id=535"},"modified":"2024-08-13T18:59:52","modified_gmt":"2024-08-13T11:59:52","slug":"tien-ich","status":"publish","type":"page","link":"https:\/\/demo.timevn.com\/fusion_dn\/vi\/tien-ich\/","title":{"rendered":"Ti\u1ec7n \u00cdch"},"content":{"rendered":"","protected":false},"excerpt":{"rendered":"<p>Kh\u00e1m ph\u00e1 \u0111a d\u1ea1ng c\u00e1c tr\u1ea3i nghi\u1ec7m v\u00e0 ti\u1ec7n \u00edch \u0111\u1ed9c \u0111\u00e1o t\u1ea1i Fusion Resort &#038; Villas Da Nang, n\u01a1i mang \u0111\u1ebfn cho du kh\u00e1ch m\u1ed9t k\u1ef3 ngh\u1ec9 d\u01b0\u1ee1ng \u0111\u1ea7y n\u0103ng l\u01b0\u1ee3ng v\u00e0 ni\u1ec1m vui.<\/p>\n","protected":false},"author":1,"featured_media":299,"parent":0,"menu_order":0,"comment_status":"closed","ping_status":"closed","template":"templates\/page-experiences.php","meta":{"_acf_changed":false,"footnotes":""},"class_list":["post-535","page","type-page","status-publish","has-post-thumbnail","hentry"],"acf":[],"lang":"vi","translations":{"vi":535,"en":229},"pll_sync_post":[],"_links":{"self":[{"href":"https:\/\/demo.timevn.com\/fusion_dn\/wp-json\/wp\/v2\/pages\/535","targetHints":{"allow":["GET"]}}],"collection":[{"href":"https:\/\/demo.timevn.com\/fusion_dn\/wp-json\/wp\/v2\/pages"}],"about":[{"href":"https:\/\/demo.timevn.com\/fusion_dn\/wp-json\/wp\/v2\/types\/page"}],"author":[{"embeddable":true,"href":"https:\/\/demo.timevn.com\/fusion_dn\/wp-json\/wp\/v2\/users\/1"}],"replies":[{"embeddable":true,"href":"https:\/\/demo.timevn.com\/fusion_dn\/wp-json\/wp\/v2\/comments?post=535"}],"version-history":[{"count":2,"href":"https:\/\/demo.timevn.com\/fusion_dn\/wp-json\/wp\/v2\/pages\/535\/revisions"}],"predecessor-version":[{"id":623,"href":"https:\/\/demo.timevn.com\/fusion_dn\/wp-json\/wp\/v2\/pages\/535\/revisions\/623"}],"wp:featuredmedia":[{"embeddable":true,"href":"https:\/\/demo.timevn.com\/fusion_dn\/wp-json\/wp\/v2\/media\/299"}],"wp:attachment":[{"href":"https:\/\/demo.timevn.com\/fusion_dn\/wp-json\/wp\/v2\/media?parent=535"}],"curies":[{"name":"wp","href":"https:\/\/api.w.org\/{rel}","templated":true}]}}